{"id":202,"date":"2020-01-03T21:35:13","date_gmt":"2020-01-03T21:35:13","guid":{"rendered":"https:\/\/www.azylgozdanin.pl\/?page_id=202"},"modified":"2020-01-11T18:02:35","modified_gmt":"2020-01-11T18:02:35","slug":"lokalizacja","status":"publish","type":"page","link":"https:\/\/www.azylgozdanin.pl\/index.php\/lokalizacja\/","title":{"rendered":"Lokalizacja"},"content":{"rendered":"\n<div class=\"wp-block-media-text alignwide\" style=\"grid-template-columns:30% auto\"><figure class=\"wp-block-media-text__media\"><img loading=\"lazy\" decoding=\"async\" width=\"720\" height=\"960\" src=\"https:\/\/www.azylgozdanin.pl\/wp-content\/uploads\/2020\/01\/Resized_20171002_090515.jpeg\" alt=\"\" class=\"wp-image-240\" srcset=\"https:\/\/www.azylgozdanin.pl\/wp-content\/uploads\/2020\/01\/Resized_20171002_090515.jpeg 720w, https:\/\/www.azylgozdanin.pl\/wp-content\/uploads\/2020\/01\/Resized_20171002_090515-225x300.jpeg 225w\" sizes=\"(max-width: 720px) 100vw, 720px\" \/><\/figure><div class=\"wp-block-media-text__content\">\n<p class=\"has-normal-font-size\">Azyl Gozdanin po\u0142o\u017cony jest kilka kilometr\u00f3w na po\u0142udnie od Mogilna. Aby do niego dojecha\u0107 nale\u017cy wybra\u0107 krajow\u0105 \u201e15\u201d. Jad\u0105c od Trzemeszna (Gniezna) w kierunku Strzelna (Inowroc\u0142awia) przeje\u017cd\u017ca si\u0119 przez Wylatowo i po ok. 2 km w \u017babienku, zaraz na pocz\u0105tku wsi, za metalowym krzy\u017cem nale\u017cy skr\u0119ci\u0107 w prawo. Krzy\u017c to punkt rozpoznawczy, \u017ce skr\u0119camy w dobrym miejscu. Po ok. 700 m jeste\u015bmy u celu. Schronisko Azyl Gozdanin to pierwsze zabudowania po prawej stronie polnej drogi.<\/p>\n<\/div><\/div>\n","protected":false},"excerpt":{"rendered":"<p>Azyl Gozdanin po\u0142o\u017cony jest kilka kilometr\u00f3w na po\u0142udnie od Mogilna. Aby do niego dojecha\u0107 nale\u017cy wybra\u0107 krajow\u0105 \u201e15\u201d. Jad\u0105c od Trzemeszna (Gniezna) w kierunku Strzelna (Inowroc\u0142awia) przeje\u017cd\u017ca si\u0119 przez Wylatowo i po ok. 2 km w \u017babienku, zaraz na pocz\u0105tku wsi, za metalowym krzy\u017cem nale\u017cy skr\u0119ci\u0107 w prawo. Krzy\u017c to punkt rozpoznawczy, \u017ce skr\u0119camy w &hellip; <\/p>\n<p class=\"link-more\"><a href=\"https:\/\/www.azylgozdanin.pl\/index.php\/lokalizacja\/\" class=\"more-link\">Czytaj dalej<span class=\"screen-reader-text\"> \u201eLokalizacja\u201d<\/span><\/a><\/p>\n","protected":false},"author":2,"featured_media":0,"parent":0,"menu_order":0,"comment_status":"closed","ping_status":"closed","template":"","meta":{"footnotes":""},"class_list":["post-202","page","type-page","status-publish","hentry"],"_links":{"self":[{"href":"https:\/\/www.azylgozdanin.pl\/index.php\/wp-json\/wp\/v2\/pages\/202"}],"collection":[{"href":"https:\/\/www.azylgozdanin.pl\/index.php\/wp-json\/wp\/v2\/pages"}],"about":[{"href":"https:\/\/www.azylgozdanin.pl\/index.php\/wp-json\/wp\/v2\/types\/page"}],"author":[{"embeddable":true,"href":"https:\/\/www.azylgozdanin.pl\/index.php\/wp-json\/wp\/v2\/users\/2"}],"replies":[{"embeddable":true,"href":"https:\/\/www.azylgozdanin.pl\/index.php\/wp-json\/wp\/v2\/comments?post=202"}],"version-history":[{"count":11,"href":"https:\/\/www.azylgozdanin.pl\/index.php\/wp-json\/wp\/v2\/pages\/202\/revisions"}],"predecessor-version":[{"id":268,"href":"https:\/\/www.azylgozdanin.pl\/index.php\/wp-json\/wp\/v2\/pages\/202\/revisions\/268"}],"wp:attachment":[{"href":"https:\/\/www.azylgozdanin.pl\/index.php\/wp-json\/wp\/v2\/media?parent=202"}],"curies":[{"name":"wp","href":"https:\/\/api.w.org\/{rel}","templated":true}]}}