{"id":148,"date":"2020-01-03T20:04:22","date_gmt":"2020-01-03T20:04:22","guid":{"rendered":"https:\/\/www.azylgozdanin.pl\/?page_id=148"},"modified":"2025-11-16T17:22:11","modified_gmt":"2025-11-16T17:22:11","slug":"kontakt","status":"publish","type":"page","link":"https:\/\/www.azylgozdanin.pl\/index.php\/kontakt\/","title":{"rendered":"Kontakt"},"content":{"rendered":"\n<p><strong>Adres: <\/strong>                                                                                                                                                                                               <em>Azyl Gozdanin<\/em> \u2013 Schronisko dla bezdomnych m\u0119\u017cczyzn,                                                             Gozdanin 43,                                                                                                                                                                          88-330 G\u0119bice                                                                                                                                                                                                        <\/p>\n\n\n\n<p><strong>Kierownictwo plac\u00f3wki:<\/strong> Marian Wierzbicki, Karolina Pyrzy\u0144ska tel. 500 255 856<\/p>\n\n\n\n<p><strong>Biuro:<\/strong>                                                                                                                                                                                           tel. 667 396 466;                                                                                                                                                             email: <a href=\"mailto:biuro@azylgozdanin.pl\">biuro@azylgozdanin.pl<\/a><\/p>\n\n\n\n<p>Wszelkie informacje mo\u017cna uzyska\u0107 od poniedzia\u0142ku do pi\u0105tku w godzinach od 9.00 do 15.00. <\/p>\n\n\n\n<p><strong>Organ prowadz\u0105cy: <\/strong>                                                                                                                              Stowarzyszenie Pomocy Bezdomnym AZYL &#8211; KRS 0000681976 <\/p>\n","protected":false},"excerpt":{"rendered":"<p>Adres: Azyl Gozdanin \u2013 Schronisko dla bezdomnych m\u0119\u017cczyzn, Gozdanin 43, 88-330 G\u0119bice Kierownictwo plac\u00f3wki: Marian Wierzbicki, Karolina Pyrzy\u0144ska tel. 500 255 856 Biuro: tel. 667 396 466; email: biuro@azylgozdanin.pl Wszelkie informacje mo\u017cna uzyska\u0107 od poniedzia\u0142ku do pi\u0105tku w godzinach od 9.00 do 15.00. Organ prowadz\u0105cy: Stowarzyszenie Pomocy Bezdomnym AZYL &#8211; KRS 0000681976<\/p>\n","protected":false},"author":2,"featured_media":0,"parent":0,"menu_order":0,"comment_status":"closed","ping_status":"closed","template":"","meta":{"footnotes":""},"class_list":["post-148","page","type-page","status-publish","hentry"],"_links":{"self":[{"href":"https:\/\/www.azylgozdanin.pl\/index.php\/wp-json\/wp\/v2\/pages\/148"}],"collection":[{"href":"https:\/\/www.azylgozdanin.pl\/index.php\/wp-json\/wp\/v2\/pages"}],"about":[{"href":"https:\/\/www.azylgozdanin.pl\/index.php\/wp-json\/wp\/v2\/types\/page"}],"author":[{"embeddable":true,"href":"https:\/\/www.azylgozdanin.pl\/index.php\/wp-json\/wp\/v2\/users\/2"}],"replies":[{"embeddable":true,"href":"https:\/\/www.azylgozdanin.pl\/index.php\/wp-json\/wp\/v2\/comments?post=148"}],"version-history":[{"count":7,"href":"https:\/\/www.azylgozdanin.pl\/index.php\/wp-json\/wp\/v2\/pages\/148\/revisions"}],"predecessor-version":[{"id":321,"href":"https:\/\/www.azylgozdanin.pl\/index.php\/wp-json\/wp\/v2\/pages\/148\/revisions\/321"}],"wp:attachment":[{"href":"https:\/\/www.azylgozdanin.pl\/index.php\/wp-json\/wp\/v2\/media?parent=148"}],"curies":[{"name":"wp","href":"https:\/\/api.w.org\/{rel}","templated":true}]}}