{"id":147,"date":"2020-01-03T20:04:22","date_gmt":"2020-01-03T20:04:22","guid":{"rendered":"https:\/\/www.azylgozdanin.pl\/?page_id=147"},"modified":"2025-11-16T17:27:02","modified_gmt":"2025-11-16T17:27:02","slug":"oferta","status":"publish","type":"page","link":"https:\/\/www.azylgozdanin.pl\/index.php\/oferta\/","title":{"rendered":"Warunki przyj\u0119cia"},"content":{"rendered":"\n<p>Osoby ubiegaj\u0105ce si\u0119 o przyj\u0119cie do naszego schroniska musz\u0105 spe\u0142ni\u0107 okre\u015blone warunki. Wp\u0142yw na nie maj\u0105 zar\u00f3wno mo\u017cliwo\u015bci lokalowe, jak r\u00f3wnie\u017c lokalizacyjne. St\u0105d przyj\u0105\u0107 mo\u017cemy m\u0119\u017cczyzn:  <\/p>\n\n\n\n<p>&#8211; w wieku od 40 do 60 lat,  <\/p>\n\n\n\n<p>&#8211; w og\u00f3lnie dobrym stanie zdrowia.   <\/p>\n\n\n\n<p>Pobyt w schronisku jest odp\u0142atny. Dla os\u00f3b spe\u0142niaj\u0105cych kryterium dochodowe mo\u017ce by\u0107 finansowany przez O\u015brodek Pomocy Spo\u0142ecznej.<\/p>\n","protected":false},"excerpt":{"rendered":"<p>Osoby ubiegaj\u0105ce si\u0119 o przyj\u0119cie do naszego schroniska musz\u0105 spe\u0142ni\u0107 okre\u015blone warunki. Wp\u0142yw na nie maj\u0105 zar\u00f3wno mo\u017cliwo\u015bci lokalowe, jak r\u00f3wnie\u017c lokalizacyjne. St\u0105d przyj\u0105\u0107 mo\u017cemy m\u0119\u017cczyzn: &#8211; w wieku od 40 do 60 lat, &#8211; w og\u00f3lnie dobrym stanie zdrowia. Pobyt w schronisku jest odp\u0142atny. Dla os\u00f3b spe\u0142niaj\u0105cych kryterium dochodowe mo\u017ce by\u0107 finansowany przez O\u015brodek &hellip; <\/p>\n<p class=\"link-more\"><a href=\"https:\/\/www.azylgozdanin.pl\/index.php\/oferta\/\" class=\"more-link\">Czytaj dalej<span class=\"screen-reader-text\"> \u201eWarunki przyj\u0119cia\u201d<\/span><\/a><\/p>\n","protected":false},"author":2,"featured_media":0,"parent":0,"menu_order":0,"comment_status":"closed","ping_status":"closed","template":"","meta":{"footnotes":""},"class_list":["post-147","page","type-page","status-publish","hentry"],"_links":{"self":[{"href":"https:\/\/www.azylgozdanin.pl\/index.php\/wp-json\/wp\/v2\/pages\/147"}],"collection":[{"href":"https:\/\/www.azylgozdanin.pl\/index.php\/wp-json\/wp\/v2\/pages"}],"about":[{"href":"https:\/\/www.azylgozdanin.pl\/index.php\/wp-json\/wp\/v2\/types\/page"}],"author":[{"embeddable":true,"href":"https:\/\/www.azylgozdanin.pl\/index.php\/wp-json\/wp\/v2\/users\/2"}],"replies":[{"embeddable":true,"href":"https:\/\/www.azylgozdanin.pl\/index.php\/wp-json\/wp\/v2\/comments?post=147"}],"version-history":[{"count":11,"href":"https:\/\/www.azylgozdanin.pl\/index.php\/wp-json\/wp\/v2\/pages\/147\/revisions"}],"predecessor-version":[{"id":323,"href":"https:\/\/www.azylgozdanin.pl\/index.php\/wp-json\/wp\/v2\/pages\/147\/revisions\/323"}],"wp:attachment":[{"href":"https:\/\/www.azylgozdanin.pl\/index.php\/wp-json\/wp\/v2\/media?parent=147"}],"curies":[{"name":"wp","href":"https:\/\/api.w.org\/{rel}","templated":true}]}}