{"id":146,"date":"2020-01-03T20:04:22","date_gmt":"2020-01-03T20:04:22","guid":{"rendered":"https:\/\/www.azylgozdanin.pl\/?page_id=146"},"modified":"2020-01-11T18:39:19","modified_gmt":"2020-01-11T18:39:19","slug":"o-nas","status":"publish","type":"page","link":"https:\/\/www.azylgozdanin.pl\/","title":{"rendered":"O nas"},"content":{"rendered":"\n<div class=\"wp-block-media-text alignwide is-vertically-aligned-center\" style=\"grid-template-columns:36% auto\"><figure class=\"wp-block-media-text__media\"><img loading=\"lazy\" decoding=\"async\" width=\"360\" height=\"250\" src=\"https:\/\/www.azylgozdanin.pl\/wp-content\/uploads\/2020\/01\/360px-Gozdanin_dw\u00f3r_1928.jpg\" alt=\"\" class=\"wp-image-189\" srcset=\"https:\/\/www.azylgozdanin.pl\/wp-content\/uploads\/2020\/01\/360px-Gozdanin_dw\u00f3r_1928.jpg 360w, https:\/\/www.azylgozdanin.pl\/wp-content\/uploads\/2020\/01\/360px-Gozdanin_dw\u00f3r_1928-300x208.jpg 300w\" sizes=\"(max-width: 360px) 100vw, 360px\" \/><\/figure><div class=\"wp-block-media-text__content\">\n<p class=\"has-normal-font-size\"> Nazwa wsi Gozdanin pochodzi prawdopodobnie od imion Gozdomir lub Gozdzimir. Pierwsza wzmianka o Gozdaninie pochodzi z 1436 r., kiedy by\u0142a ona wsi\u0105 klasztorn\u0105 przynale\u017cn\u0105 do opactwa mogile\u0144skiego. W jej po\u0142udniowej cz\u0119\u015bci znajduje si\u0119 park podworski, kt\u00f3ry powsta\u0142 na prze\u0142omie XVIII i XIX w. a powi\u0119kszony zosta\u0142 prawdopodobnie pod koniec wieku XIX. Fotografia przedstawia dw\u00f3r w Gozdaninie, kt\u00f3ry ju\u017c niestety nie istnieje (fot. Wikipedia). <\/p>\n<\/div><\/div>\n\n\n\n<p> W takim zak\u0105tku mogile\u0144skiej ziemi funkcjonuje schronisko dla bezdomnych m\u0119\u017cczyzn. Prowadzi je Stowarzyszenie Pomocy Bezdomnym AZYL. St\u0105d te\u017c nazwa tego\u017c schroniska \u2013 Azyl Gozdanin. Stowarzyszenie zrzesza grup\u0119 os\u00f3b dobrej woli, kt\u00f3re chc\u0105 pomaga\u0107 potrzebuj\u0105cym.  Cho\u0107 nasze schronisko nie przypomina istniej\u0105cego tu kiedy\u015b dworu, to jednak oferuje konkretn\u0105 i wymiern\u0105 pomoc.    <\/p>\n","protected":false},"excerpt":{"rendered":"<p>Nazwa wsi Gozdanin pochodzi prawdopodobnie od imion Gozdomir lub Gozdzimir. Pierwsza wzmianka o Gozdaninie pochodzi z 1436 r., kiedy by\u0142a ona wsi\u0105 klasztorn\u0105 przynale\u017cn\u0105 do opactwa mogile\u0144skiego. W jej po\u0142udniowej cz\u0119\u015bci znajduje si\u0119 park podworski, kt\u00f3ry powsta\u0142 na prze\u0142omie XVIII i XIX w. a powi\u0119kszony zosta\u0142 prawdopodobnie pod koniec wieku XIX. Fotografia przedstawia dw\u00f3r w &hellip; <\/p>\n<p class=\"link-more\"><a href=\"https:\/\/www.azylgozdanin.pl\/\" class=\"more-link\">Czytaj dalej<span class=\"screen-reader-text\"> \u201eO nas\u201d<\/span><\/a><\/p>\n","protected":false},"author":2,"featured_media":0,"parent":0,"menu_order":0,"comment_status":"closed","ping_status":"closed","template":"","meta":{"footnotes":""},"class_list":["post-146","page","type-page","status-publish","hentry"],"_links":{"self":[{"href":"https:\/\/www.azylgozdanin.pl\/index.php\/wp-json\/wp\/v2\/pages\/146"}],"collection":[{"href":"https:\/\/www.azylgozdanin.pl\/index.php\/wp-json\/wp\/v2\/pages"}],"about":[{"href":"https:\/\/www.azylgozdanin.pl\/index.php\/wp-json\/wp\/v2\/types\/page"}],"author":[{"embeddable":true,"href":"https:\/\/www.azylgozdanin.pl\/index.php\/wp-json\/wp\/v2\/users\/2"}],"replies":[{"embeddable":true,"href":"https:\/\/www.azylgozdanin.pl\/index.php\/wp-json\/wp\/v2\/comments?post=146"}],"version-history":[{"count":10,"href":"https:\/\/www.azylgozdanin.pl\/index.php\/wp-json\/wp\/v2\/pages\/146\/revisions"}],"predecessor-version":[{"id":276,"href":"https:\/\/www.azylgozdanin.pl\/index.php\/wp-json\/wp\/v2\/pages\/146\/revisions\/276"}],"wp:attachment":[{"href":"https:\/\/www.azylgozdanin.pl\/index.php\/wp-json\/wp\/v2\/media?parent=146"}],"curies":[{"name":"wp","href":"https:\/\/api.w.org\/{rel}","templated":true}]}}